{"id":1337,"date":"2022-08-23T13:07:18","date_gmt":"2022-08-23T13:07:18","guid":{"rendered":"https:\/\/www.digitalanatomics.com\/3droots\/?page_id=1337"},"modified":"2022-09-13T07:45:59","modified_gmt":"2022-09-13T07:45:59","slug":"sobre-nosotros","status":"publish","type":"page","link":"https:\/\/www.digitalanatomics.com\/3droots\/es\/sobre-nosotros\/","title":{"rendered":"Sobre nosotros"},"content":{"rendered":"\t\t<div data-elementor-type=\"wp-page\" data-elementor-id=\"1337\" class=\"elementor elementor-1337\" data-elementor-settings=\"[]\">\n\t\t\t\t\t\t\t<div class=\"elementor-section-wrap\">\n\t\t\t\t\t\t\t<section class=\"elementor-section elementor-top-section elementor-element elementor-element-6b12b296 elementor-section-full_width elementor-section-height-min-height elementor-section-stretched elementor-section-height-default elementor-section-items-middle\" data-id=\"6b12b296\" data-element_type=\"section\" data-settings=\"{&quot;stretch_section&quot;:&quot;section-stretched&quot;,&quot;background_background&quot;:&quot;classic&quot;}\">\n\t\t\t\t\t\t\t<div class=\"elementor-background-overlay\"><\/div>\n\t\t\t\t\t\t\t<div class=\"elementor-container elementor-column-gap-default\">\n\t\t\t\t\t<div class=\"elementor-column elementor-col-50 elementor-top-column elementor-element elementor-element-2cfc3a56\" data-id=\"2cfc3a56\" data-element_type=\"column\">\n\t\t\t<div class=\"elementor-widget-wrap elementor-element-populated\">\n\t\t\t\t\t\t\t\t<div class=\"elementor-element elementor-element-4233a3f4 elementor-widget elementor-widget-heading\" data-id=\"4233a3f4\" data-element_type=\"widget\" data-widget_type=\"heading.default\">\n\t\t\t\t<div class=\"elementor-widget-container\">\n\t\t\t<style>\/*! elementor - v3.5.5 - 03-02-2022 *\/\n.elementor-heading-title{padding:0;margin:0;line-height:1}.elementor-widget-heading .elementor-heading-title[class*=elementor-size-]>a{color:inherit;font-size:inherit;line-height:inherit}.elementor-widget-heading .elementor-heading-title.elementor-size-small{font-size:15px}.elementor-widget-heading .elementor-heading-title.elementor-size-medium{font-size:19px}.elementor-widget-heading .elementor-heading-title.elementor-size-large{font-size:29px}.elementor-widget-heading .elementor-heading-title.elementor-size-xl{font-size:39px}.elementor-widget-heading .elementor-heading-title.elementor-size-xxl{font-size:59px}<\/style><h1 class=\"elementor-heading-title elementor-size-default\">Sobre nosotros<\/h1>\t\t<\/div>\n\t\t\t\t<\/div>\n\t\t\t\t\t<\/div>\n\t\t<\/div>\n\t\t\t\t<div class=\"elementor-column elementor-col-50 elementor-top-column elementor-element elementor-element-21e57224\" data-id=\"21e57224\" data-element_type=\"column\" data-settings=\"{&quot;background_background&quot;:&quot;classic&quot;}\">\n\t\t\t<div class=\"elementor-widget-wrap elementor-element-populated\">\n\t\t\t\t\t<div class=\"elementor-background-overlay\"><\/div>\n\t\t\t\t\t\t\t\t<div class=\"elementor-element elementor-element-724fbc16 elementor-widget elementor-widget-spacer\" data-id=\"724fbc16\" data-element_type=\"widget\" data-widget_type=\"spacer.default\">\n\t\t\t\t<div class=\"elementor-widget-container\">\n\t\t\t\t\t<div class=\"elementor-spacer\">\n\t\t\t<div class=\"elementor-spacer-inner\"><\/div>\n\t\t<\/div>\n\t\t\t\t<\/div>\n\t\t\t\t<\/div>\n\t\t\t\t\t<\/div>\n\t\t<\/div>\n\t\t\t\t\t\t\t<\/div>\n\t\t<\/section>\n\t\t\t\t<section class=\"elementor-section elementor-top-section elementor-element elementor-element-147802b6 elementor-reverse-mobile elementor-section-boxed elementor-section-height-default elementor-section-height-default\" data-id=\"147802b6\" data-element_type=\"section\">\n\t\t\t\t\t\t<div class=\"elementor-container elementor-column-gap-default\">\n\t\t\t\t\t<div class=\"elementor-column elementor-col-50 elementor-top-column elementor-element elementor-element-6b366378\" data-id=\"6b366378\" data-element_type=\"column\" data-settings=\"{&quot;background_background&quot;:&quot;classic&quot;}\">\n\t\t\t<div class=\"elementor-widget-wrap elementor-element-populated\">\n\t\t\t\t\t<div class=\"elementor-background-overlay\"><\/div>\n\t\t\t\t\t\t\t\t<div class=\"elementor-element elementor-element-4b4fc1cc elementor-widget elementor-widget-spacer\" data-id=\"4b4fc1cc\" data-element_type=\"widget\" data-widget_type=\"spacer.default\">\n\t\t\t\t<div class=\"elementor-widget-container\">\n\t\t\t\t\t<div class=\"elementor-spacer\">\n\t\t\t<div class=\"elementor-spacer-inner\"><\/div>\n\t\t<\/div>\n\t\t\t\t<\/div>\n\t\t\t\t<\/div>\n\t\t\t\t\t<\/div>\n\t\t<\/div>\n\t\t\t\t<div class=\"elementor-column elementor-col-50 elementor-top-column elementor-element elementor-element-442980d2\" data-id=\"442980d2\" data-element_type=\"column\">\n\t\t\t<div class=\"elementor-widget-wrap elementor-element-populated\">\n\t\t\t\t\t\t\t\t<div class=\"elementor-element elementor-element-74e89f71 elementor-widget elementor-widget-heading\" data-id=\"74e89f71\" data-element_type=\"widget\" data-widget_type=\"heading.default\">\n\t\t\t\t<div class=\"elementor-widget-container\">\n\t\t\t<h2 class=\"elementor-heading-title elementor-size-default\">Aprende sobre <span class=\"verde\">Digital Anatomics<\/span><\/h2>\t\t<\/div>\n\t\t\t\t<\/div>\n\t\t\t\t<div class=\"elementor-element elementor-element-56ccd387 elementor-widget elementor-widget-text-editor\" data-id=\"56ccd387\" data-element_type=\"widget\" data-widget_type=\"text-editor.default\">\n\t\t\t\t<div class=\"elementor-widget-container\">\n\t\t\t<style>\/*! elementor - v3.5.5 - 03-02-2022 *\/\n.elementor-widget-text-editor.elementor-drop-cap-view-stacked .elementor-drop-cap{background-color:#818a91;color:#fff}.elementor-widget-text-editor.elementor-drop-cap-view-framed .elementor-drop-cap{color:#818a91;border:3px solid;background-color:transparent}.elementor-widget-text-editor:not(.elementor-drop-cap-view-default) .elementor-drop-cap{margin-top:8px}.elementor-widget-text-editor:not(.elementor-drop-cap-view-default) .elementor-drop-cap-letter{width:1em;height:1em}.elementor-widget-text-editor .elementor-drop-cap{float:left;text-align:center;line-height:1;font-size:50px}.elementor-widget-text-editor .elementor-drop-cap-letter{display:inline-block}<\/style>\t\t\t\t<p>Digital Anatomics tiene la\u00a0<span class=\"verde\">MISI\u00d3N<\/span>\u00a0de\u00a0<b>desarrollar soluciones tecnol\u00f3gicas innovadoras<\/b>\u00a0en el campo de la\u00a0<b>salud\u00a0<\/b>que permite tratar\u00a0<b>patolog\u00edas complejas<\/b>, siempre adapt\u00e1ndose a las particularidades de\u00a0<b>cada paciente<\/b>.<\/p><p>Nuestra\u00a0<span class=\"verde\">VISI\u00d3N<\/span>\u00a0es seguir siendo una\u00a0<b>empresa referente <\/b>para\u00a0<b>hospitales<\/b>, gracias a la\u00a0<b>confianza y lealtad<\/b>\u00a0conseguidas con los\u00a0<b>profesionales sanitarios<\/b> con los que colaboramos.<\/p>\t\t\t\t\t\t<\/div>\n\t\t\t\t<\/div>\n\t\t\t\t\t<\/div>\n\t\t<\/div>\n\t\t\t\t\t\t\t<\/div>\n\t\t<\/section>\n\t\t\t\t<section class=\"elementor-section elementor-top-section elementor-element elementor-element-2a22baef elementor-section-boxed elementor-section-height-default elementor-section-height-default\" data-id=\"2a22baef\" data-element_type=\"section\">\n\t\t\t\t\t\t<div class=\"elementor-container elementor-column-gap-default\">\n\t\t\t\t\t<div class=\"elementor-column elementor-col-50 elementor-top-column elementor-element elementor-element-cbb76e\" data-id=\"cbb76e\" data-element_type=\"column\">\n\t\t\t<div class=\"elementor-widget-wrap elementor-element-populated\">\n\t\t\t\t\t\t\t\t<div class=\"elementor-element elementor-element-251234dd elementor-widget elementor-widget-text-editor\" data-id=\"251234dd\" data-element_type=\"widget\" data-widget_type=\"text-editor.default\">\n\t\t\t\t<div class=\"elementor-widget-container\">\n\t\t\t\t\t\t\t<p>Para conseguir esto, nos basaremos siempre en nuestros\u00a0<span class=\"verde\">VALORES<\/span>\u00a0de\u00a0<b>profesionalidad<\/b>, <b>honestidad y gran compromiso<\/b>\u00a0con el bienestar de las personas, sociedad como un todo y medioambiente.\u00a0<\/p><p>Nuestro\u00a0<span class=\"verde\">KNOW-HOW<\/span>\u00a0en <b>desarrollo software<\/b>, <b>ingenier\u00eda mec\u00e1nica e ingenier\u00eda biom\u00e9dica<\/b>\u00a0se combina con contribuciones incalculables de\u00a0<b>liderar a profesionales de la salud <\/b>para traer al mercado\u00a0<b>soluciones innovadoras <\/b>en el campo de la cirug\u00eda.<\/p>\t\t\t\t\t\t<\/div>\n\t\t\t\t<\/div>\n\t\t\t\t\t<\/div>\n\t\t<\/div>\n\t\t\t\t<div class=\"elementor-column elementor-col-50 elementor-top-column elementor-element elementor-element-44985a39\" data-id=\"44985a39\" data-element_type=\"column\" data-settings=\"{&quot;background_background&quot;:&quot;classic&quot;}\">\n\t\t\t<div class=\"elementor-widget-wrap elementor-element-populated\">\n\t\t\t\t\t<div class=\"elementor-background-overlay\"><\/div>\n\t\t\t\t\t\t\t\t<div class=\"elementor-element elementor-element-1952f375 elementor-widget elementor-widget-spacer\" data-id=\"1952f375\" data-element_type=\"widget\" data-widget_type=\"spacer.default\">\n\t\t\t\t<div class=\"elementor-widget-container\">\n\t\t\t\t\t<div class=\"elementor-spacer\">\n\t\t\t<div class=\"elementor-spacer-inner\"><\/div>\n\t\t<\/div>\n\t\t\t\t<\/div>\n\t\t\t\t<\/div>\n\t\t\t\t\t<\/div>\n\t\t<\/div>\n\t\t\t\t\t\t\t<\/div>\n\t\t<\/section>\n\t\t\t\t\t\t<\/div>\n\t\t\t\t\t<\/div>\n\t\t","protected":false},"excerpt":{"rendered":"<p>Sobre nosotros Aprende sobre Digital Anatomics Digital Anatomics tiene la&nbsp;MISI\u00d3N&nbsp;de&nbsp;desarrollar soluciones tecnol\u00f3gicas innovadoras&nbsp;en el campo de la&nbsp;salud&nbsp;que permite tratar&nbsp;patolog\u00edas complejas, siempre adapt\u00e1ndose a las particularidades de&nbsp;cada paciente. Nuestra&nbsp;VISI\u00d3N&nbsp;es seguir siendo una&nbsp;empresa referente para&nbsp;hospitales, gracias a la&nbsp;confianza y lealtad&nbsp;conseguidas con los&nbsp;profesionales sanitarios con los que colaboramos. Para conseguir esto, nos basaremos siempre en nuestros&nbsp;VALORES&nbsp;de&nbsp;profesionalidad, honestidad y [&hellip;]<\/p>\n","protected":false},"author":1,"featured_media":0,"parent":0,"menu_order":0,"comment_status":"closed","ping_status":"closed","template":"","meta":{"footnotes":""},"class_list":["post-1337","page","type-page","status-publish","hentry"],"_links":{"self":[{"href":"https:\/\/www.digitalanatomics.com\/3droots\/wp-json\/wp\/v2\/pages\/1337","targetHints":{"allow":["GET"]}}],"collection":[{"href":"https:\/\/www.digitalanatomics.com\/3droots\/wp-json\/wp\/v2\/pages"}],"about":[{"href":"https:\/\/www.digitalanatomics.com\/3droots\/wp-json\/wp\/v2\/types\/page"}],"author":[{"embeddable":true,"href":"https:\/\/www.digitalanatomics.com\/3droots\/wp-json\/wp\/v2\/users\/1"}],"replies":[{"embeddable":true,"href":"https:\/\/www.digitalanatomics.com\/3droots\/wp-json\/wp\/v2\/comments?post=1337"}],"version-history":[{"count":8,"href":"https:\/\/www.digitalanatomics.com\/3droots\/wp-json\/wp\/v2\/pages\/1337\/revisions"}],"predecessor-version":[{"id":1622,"href":"https:\/\/www.digitalanatomics.com\/3droots\/wp-json\/wp\/v2\/pages\/1337\/revisions\/1622"}],"wp:attachment":[{"href":"https:\/\/www.digitalanatomics.com\/3droots\/wp-json\/wp\/v2\/media?parent=1337"}],"curies":[{"name":"wp","href":"https:\/\/api.w.org\/{rel}","templated":true}]}}