{"id":509,"date":"2021-10-28T10:50:19","date_gmt":"2021-10-28T10:50:19","guid":{"rendered":"https:\/\/www.digitalanatomics.com\/blog\/?page_id=509"},"modified":"2021-10-28T10:52:24","modified_gmt":"2021-10-28T10:52:24","slug":"impresion-3d-medica-2","status":"publish","type":"page","link":"https:\/\/www.digitalanatomics.com\/blog\/es\/impresion-3d-medica-2\/","title":{"rendered":"Impresi\u00f3n 3D medica"},"content":{"rendered":"\t\t<div data-elementor-type=\"wp-page\" data-elementor-id=\"509\" class=\"elementor elementor-509\">\n\t\t\t\t\t\t\t\t\t<section class=\"elementor-section elementor-top-section elementor-element elementor-element-d53d6c1 elementor-section-boxed elementor-section-height-default elementor-section-height-default\" data-id=\"d53d6c1\" data-element_type=\"section\">\n\t\t\t\t\t\t<div class=\"elementor-container elementor-column-gap-default\">\n\t\t\t\t\t<div class=\"elementor-column elementor-col-100 elementor-top-column elementor-element elementor-element-a864d66\" data-id=\"a864d66\" data-element_type=\"column\" data-settings=\"{&quot;background_background&quot;:&quot;classic&quot;}\">\n\t\t\t<div class=\"elementor-widget-wrap elementor-element-populated\">\n\t\t\t\t\t<div class=\"elementor-background-overlay\"><\/div>\n\t\t\t\t\t\t\t\t<div class=\"elementor-element elementor-element-91f7430 elementor-widget elementor-widget-heading\" data-id=\"91f7430\" data-element_type=\"widget\" data-widget_type=\"heading.default\">\n\t\t\t\t<div class=\"elementor-widget-container\">\n\t\t\t<style>\/*! elementor - v3.6.4 - 13-04-2022 *\/\n.elementor-heading-title{padding:0;margin:0;line-height:1}.elementor-widget-heading .elementor-heading-title[class*=elementor-size-]>a{color:inherit;font-size:inherit;line-height:inherit}.elementor-widget-heading .elementor-heading-title.elementor-size-small{font-size:15px}.elementor-widget-heading .elementor-heading-title.elementor-size-medium{font-size:19px}.elementor-widget-heading .elementor-heading-title.elementor-size-large{font-size:29px}.elementor-widget-heading .elementor-heading-title.elementor-size-xl{font-size:39px}.elementor-widget-heading .elementor-heading-title.elementor-size-xxl{font-size:59px}<\/style><h1 class=\"elementor-heading-title elementor-size-default\">Impresi\u00f3n 3D m\u00e9dica<\/h1>\t\t<\/div>\n\t\t\t\t<\/div>\n\t\t\t\t\t<\/div>\n\t\t<\/div>\n\t\t\t\t\t\t\t<\/div>\n\t\t<\/section>\n\t\t\t\t<section class=\"elementor-section elementor-top-section elementor-element elementor-element-65ecedc elementor-section-boxed elementor-section-height-default elementor-section-height-default\" data-id=\"65ecedc\" data-element_type=\"section\">\n\t\t\t\t\t\t<div class=\"elementor-container elementor-column-gap-default\">\n\t\t\t\t\t<div class=\"elementor-column elementor-col-100 elementor-top-column elementor-element elementor-element-14ea59f\" data-id=\"14ea59f\" data-element_type=\"column\">\n\t\t\t<div class=\"elementor-widget-wrap elementor-element-populated\">\n\t\t\t\t\t\t\t\t<div class=\"elementor-element elementor-element-4a43ae7 elementor-grid-3 elementor-grid-tablet-2 elementor-grid-mobile-1 elementor-posts--thumbnail-top elementor-widget elementor-widget-posts\" data-id=\"4a43ae7\" data-element_type=\"widget\" data-settings=\"{&quot;classic_columns&quot;:&quot;3&quot;,&quot;classic_columns_tablet&quot;:&quot;2&quot;,&quot;classic_columns_mobile&quot;:&quot;1&quot;,&quot;classic_row_gap&quot;:{&quot;unit&quot;:&quot;px&quot;,&quot;size&quot;:35,&quot;sizes&quot;:[]},&quot;classic_row_gap_tablet&quot;:{&quot;unit&quot;:&quot;px&quot;,&quot;size&quot;:&quot;&quot;,&quot;sizes&quot;:[]},&quot;classic_row_gap_mobile&quot;:{&quot;unit&quot;:&quot;px&quot;,&quot;size&quot;:&quot;&quot;,&quot;sizes&quot;:[]}}\" data-widget_type=\"posts.classic\">\n\t\t\t\t<div class=\"elementor-widget-container\">\n\t\t\t<link rel=\"stylesheet\" href=\"https:\/\/www.digitalanatomics.com\/blog\/wp-content\/plugins\/elementor-pro\/assets\/css\/widget-posts.min.css\">\t\t<div class=\"elementor-posts-container elementor-posts elementor-posts--skin-classic elementor-grid\">\n\t\t\t\t<article class=\"elementor-post elementor-grid-item post-631 post type-post status-publish format-standard has-post-thumbnail hentry category-impresion-3d-medica\">\n\t\t\t\t<a class=\"elementor-post__thumbnail__link\" href=\"https:\/\/www.digitalanatomics.com\/blog\/es\/el-futuro-llamando-a-tu-puerta-de-la-mano-de-la-impresion-3d\/\">\n\t\t\t<div class=\"elementor-post__thumbnail\"><img decoding=\"async\" width=\"300\" height=\"300\" src=\"https:\/\/www.digitalanatomics.com\/blog\/wp-content\/uploads\/2021\/11\/2-300x300.jpg\" class=\"attachment-medium size-medium\" alt=\"\" \/><\/div>\n\t\t<\/a>\n\t\t\t\t<div class=\"elementor-post__text\">\n\t\t\t\t<h3 class=\"elementor-post__title\">\n\t\t\t<a href=\"https:\/\/www.digitalanatomics.com\/blog\/es\/el-futuro-llamando-a-tu-puerta-de-la-mano-de-la-impresion-3d\/\">\n\t\t\t\tEL FUTURO LLAMANDO A TU PUERTA DE LA MANO DE LA IMPRESI\u00d3N 3D M\u00c9DICA\t\t\t<\/a>\n\t\t<\/h3>\n\t\t\t\t<div class=\"elementor-post__meta-data\">\n\t\t\t\t\t<span class=\"elementor-post-date\">\n\t\t\t18 de noviembre de 2021\t\t<\/span>\n\t\t\t\t<span class=\"elementor-post-avatar\">\n\t\t\tNo hay comentarios\t\t<\/span>\n\t\t\t\t<\/div>\n\t\t\t\t<div class=\"elementor-post__excerpt\">\n\t\t\t<p>Introducci\u00f3n El constante desarrollo de nuevas tecnolog\u00edas es una de las causas del crecimiento y evoluci\u00f3n de la sociedad en la que vivimos. La impresi\u00f3n<\/p>\n\t\t<\/div>\n\t\t\t\t\t<a class=\"elementor-post__read-more\" href=\"https:\/\/www.digitalanatomics.com\/blog\/es\/el-futuro-llamando-a-tu-puerta-de-la-mano-de-la-impresion-3d\/\">\n\t\t\t\tRead More \u00bb\t\t\t<\/a>\n\t\t\t\t<\/div>\n\t\t\t\t<\/article>\n\t\t\t\t<article class=\"elementor-post elementor-grid-item post-35 post type-post status-publish format-standard has-post-thumbnail hentry category-impresion-3d-medica\">\n\t\t\t\t<a class=\"elementor-post__thumbnail__link\" href=\"https:\/\/www.digitalanatomics.com\/blog\/es\/los-biomodelos-impresos-en-3d-claves-para-la-innovacion-en-neurocirugia\/\">\n\t\t\t<div class=\"elementor-post__thumbnail\"><img decoding=\"async\" width=\"293\" height=\"300\" src=\"https:\/\/www.digitalanatomics.com\/blog\/wp-content\/uploads\/2021\/10\/biomdoelo-de-base-de-craneo-293x300.webp\" class=\"attachment-medium size-medium\" alt=\"skull-based biomodel\" \/><\/div>\n\t\t<\/a>\n\t\t\t\t<div class=\"elementor-post__text\">\n\t\t\t\t<h3 class=\"elementor-post__title\">\n\t\t\t<a href=\"https:\/\/www.digitalanatomics.com\/blog\/es\/los-biomodelos-impresos-en-3d-claves-para-la-innovacion-en-neurocirugia\/\">\n\t\t\t\tLos biomodelos impresos en 3D, claves para la innovaci\u00f3n en neurocirug\u00eda.\t\t\t<\/a>\n\t\t<\/h3>\n\t\t\t\t<div class=\"elementor-post__meta-data\">\n\t\t\t\t\t<span class=\"elementor-post-date\">\n\t\t\t13 de octubre de 2021\t\t<\/span>\n\t\t\t\t<span class=\"elementor-post-avatar\">\n\t\t\tNo hay comentarios\t\t<\/span>\n\t\t\t\t<\/div>\n\t\t\t\t<div class=\"elementor-post__excerpt\">\n\t\t\t<p>La innovaci\u00f3n y la apuesta por el desarrollo de la tecnolog\u00eda m\u00e9dica de \u00faltima generaci\u00f3n es uno de los pilares que sustentan los avances en neurocirug\u00eda<\/p>\n\t\t<\/div>\n\t\t\t\t\t<a class=\"elementor-post__read-more\" href=\"https:\/\/www.digitalanatomics.com\/blog\/es\/los-biomodelos-impresos-en-3d-claves-para-la-innovacion-en-neurocirugia\/\">\n\t\t\t\tRead More \u00bb\t\t\t<\/a>\n\t\t\t\t<\/div>\n\t\t\t\t<\/article>\n\t\t\t\t<\/div>\n\n\n\t\t\n\t\t\t\t<\/div>\n\t\t\t\t<\/div>\n\t\t\t\t<div class=\"elementor-element elementor-element-584d098 elementor-widget elementor-widget-jet-blog-posts-pagination\" data-id=\"584d098\" data-element_type=\"widget\" data-widget_type=\"jet-blog-posts-pagination.default\">\n\t\t\t\t<div class=\"elementor-widget-container\">\n\t\t\t<div class=\"elementor-jet-blog-posts-pagination jet-blog\"><\/div>\t\t<\/div>\n\t\t\t\t<\/div>\n\t\t\t\t\t<\/div>\n\t\t<\/div>\n\t\t\t\t\t\t\t<\/div>\n\t\t<\/section>\n\t\t\t\t\t\t\t<\/div>\n\t\t","protected":false},"excerpt":{"rendered":"<p>Impresi\u00f3n 3D m\u00e9dica<\/p>\n","protected":false},"author":1,"featured_media":0,"parent":0,"menu_order":0,"comment_status":"closed","ping_status":"closed","template":"","meta":{"footnotes":""},"class_list":["post-509","page","type-page","status-publish","hentry"],"_links":{"self":[{"href":"https:\/\/www.digitalanatomics.com\/blog\/wp-json\/wp\/v2\/pages\/509","targetHints":{"allow":["GET"]}}],"collection":[{"href":"https:\/\/www.digitalanatomics.com\/blog\/wp-json\/wp\/v2\/pages"}],"about":[{"href":"https:\/\/www.digitalanatomics.com\/blog\/wp-json\/wp\/v2\/types\/page"}],"author":[{"embeddable":true,"href":"https:\/\/www.digitalanatomics.com\/blog\/wp-json\/wp\/v2\/users\/1"}],"replies":[{"embeddable":true,"href":"https:\/\/www.digitalanatomics.com\/blog\/wp-json\/wp\/v2\/comments?post=509"}],"version-history":[{"count":0,"href":"https:\/\/www.digitalanatomics.com\/blog\/wp-json\/wp\/v2\/pages\/509\/revisions"}],"wp:attachment":[{"href":"https:\/\/www.digitalanatomics.com\/blog\/wp-json\/wp\/v2\/media?parent=509"}],"curies":[{"name":"wp","href":"https:\/\/api.w.org\/{rel}","templated":true}]}}