{"id":514,"date":"2021-10-28T10:53:33","date_gmt":"2021-10-28T10:53:33","guid":{"rendered":"https:\/\/www.digitalanatomics.com\/blog\/?page_id=514"},"modified":"2021-10-28T10:54:09","modified_gmt":"2021-10-28T10:54:09","slug":"endotraining-3","status":"publish","type":"page","link":"https:\/\/www.digitalanatomics.com\/blog\/es\/endotraining-3\/","title":{"rendered":"Endotraining"},"content":{"rendered":"\t\t<div data-elementor-type=\"wp-page\" data-elementor-id=\"514\" class=\"elementor elementor-514\">\n\t\t\t\t\t\t\t\t\t<section class=\"elementor-section elementor-top-section elementor-element elementor-element-1ef7402 elementor-section-boxed elementor-section-height-default elementor-section-height-default\" data-id=\"1ef7402\" data-element_type=\"section\">\n\t\t\t\t\t\t<div class=\"elementor-container elementor-column-gap-default\">\n\t\t\t\t\t<div class=\"elementor-column elementor-col-100 elementor-top-column elementor-element elementor-element-57c06f8\" data-id=\"57c06f8\" data-element_type=\"column\" data-settings=\"{&quot;background_background&quot;:&quot;classic&quot;}\">\n\t\t\t<div class=\"elementor-widget-wrap elementor-element-populated\">\n\t\t\t\t\t<div class=\"elementor-background-overlay\"><\/div>\n\t\t\t\t\t\t\t\t<div class=\"elementor-element elementor-element-ee40a14 elementor-widget elementor-widget-heading\" data-id=\"ee40a14\" data-element_type=\"widget\" data-widget_type=\"heading.default\">\n\t\t\t\t<div class=\"elementor-widget-container\">\n\t\t\t<style>\/*! elementor - v3.6.4 - 13-04-2022 *\/\n.elementor-heading-title{padding:0;margin:0;line-height:1}.elementor-widget-heading .elementor-heading-title[class*=elementor-size-]>a{color:inherit;font-size:inherit;line-height:inherit}.elementor-widget-heading .elementor-heading-title.elementor-size-small{font-size:15px}.elementor-widget-heading .elementor-heading-title.elementor-size-medium{font-size:19px}.elementor-widget-heading .elementor-heading-title.elementor-size-large{font-size:29px}.elementor-widget-heading .elementor-heading-title.elementor-size-xl{font-size:39px}.elementor-widget-heading .elementor-heading-title.elementor-size-xxl{font-size:59px}<\/style><h1 class=\"elementor-heading-title elementor-size-default\">Endo<br>Training<\/h1>\t\t<\/div>\n\t\t\t\t<\/div>\n\t\t\t\t\t<\/div>\n\t\t<\/div>\n\t\t\t\t\t\t\t<\/div>\n\t\t<\/section>\n\t\t\t\t<section class=\"elementor-section elementor-top-section elementor-element elementor-element-cf34bb4 elementor-section-boxed elementor-section-height-default elementor-section-height-default\" data-id=\"cf34bb4\" data-element_type=\"section\">\n\t\t\t\t\t\t<div class=\"elementor-container elementor-column-gap-default\">\n\t\t\t\t\t<div class=\"elementor-column elementor-col-100 elementor-top-column elementor-element elementor-element-37c1f2f\" data-id=\"37c1f2f\" data-element_type=\"column\">\n\t\t\t<div class=\"elementor-widget-wrap elementor-element-populated\">\n\t\t\t\t\t\t\t\t<div class=\"elementor-element elementor-element-323b399 elementor-grid-3 elementor-grid-tablet-2 elementor-grid-mobile-1 elementor-posts--thumbnail-top elementor-widget elementor-widget-posts\" data-id=\"323b399\" data-element_type=\"widget\" data-settings=\"{&quot;classic_columns&quot;:&quot;3&quot;,&quot;classic_columns_tablet&quot;:&quot;2&quot;,&quot;classic_columns_mobile&quot;:&quot;1&quot;,&quot;classic_row_gap&quot;:{&quot;unit&quot;:&quot;px&quot;,&quot;size&quot;:35,&quot;sizes&quot;:[]},&quot;classic_row_gap_tablet&quot;:{&quot;unit&quot;:&quot;px&quot;,&quot;size&quot;:&quot;&quot;,&quot;sizes&quot;:[]},&quot;classic_row_gap_mobile&quot;:{&quot;unit&quot;:&quot;px&quot;,&quot;size&quot;:&quot;&quot;,&quot;sizes&quot;:[]}}\" data-widget_type=\"posts.classic\">\n\t\t\t\t<div class=\"elementor-widget-container\">\n\t\t\t<link rel=\"stylesheet\" href=\"https:\/\/www.digitalanatomics.com\/blog\/wp-content\/plugins\/elementor-pro\/assets\/css\/widget-posts.min.css\">\t\t<div class=\"elementor-posts-container elementor-posts elementor-posts--skin-classic elementor-grid\">\n\t\t\t\t<article class=\"elementor-post elementor-grid-item post-928 post type-post status-publish format-standard has-post-thumbnail hentry category-endotraining-es\">\n\t\t\t\t<a class=\"elementor-post__thumbnail__link\" href=\"https:\/\/www.digitalanatomics.com\/blog\/es\/3d-roots-jig-el-nuevo-sistema-para-formacion-en-endodoncia\/\" >\n\t\t\t<div class=\"elementor-post__thumbnail\"><img decoding=\"async\" width=\"300\" height=\"300\" src=\"https:\/\/www.digitalanatomics.com\/blog\/wp-content\/uploads\/2021\/12\/endodontic-training04-300x300.jpg\" class=\"attachment-medium size-medium\" alt=\"\" \/><\/div>\n\t\t<\/a>\n\t\t\t\t<div class=\"elementor-post__text\">\n\t\t\t\t<h3 class=\"elementor-post__title\">\n\t\t\t<a href=\"https:\/\/www.digitalanatomics.com\/blog\/es\/3d-roots-jig-el-nuevo-sistema-para-formacion-en-endodoncia\/\" >\n\t\t\t\t3D ROOTS JIG. EL NUEVO SISTEMA PARA FORMACI\u00d3N EN ENDODONCIA\t\t\t<\/a>\n\t\t<\/h3>\n\t\t\t\t<div class=\"elementor-post__meta-data\">\n\t\t\t\t\t<span class=\"elementor-post-date\">\n\t\t\t22 de diciembre de 2021\t\t<\/span>\n\t\t\t\t<span class=\"elementor-post-avatar\">\n\t\t\tNo hay comentarios\t\t<\/span>\n\t\t\t\t<\/div>\n\t\t\t\t<div class=\"elementor-post__excerpt\">\n\t\t\t<p>3D ROOTS JIG La innovaci\u00f3n juega un papel fundamental en el mundo de la Odontolog\u00eda gracias a factores como la digitalizaci\u00f3n y la concienciaci\u00f3n social,<\/p>\n\t\t<\/div>\n\t\t\t\t\t<a class=\"elementor-post__read-more\" href=\"https:\/\/www.digitalanatomics.com\/blog\/es\/3d-roots-jig-el-nuevo-sistema-para-formacion-en-endodoncia\/\" >\n\t\t\t\tRead More \u00bb\t\t\t<\/a>\n\t\t\t\t<\/div>\n\t\t\t\t<\/article>\n\t\t\t\t<article class=\"elementor-post elementor-grid-item post-566 post type-post status-publish format-standard has-post-thumbnail hentry category-endotraining-es\">\n\t\t\t\t<a class=\"elementor-post__thumbnail__link\" href=\"https:\/\/www.digitalanatomics.com\/blog\/es\/dientes-impresos-en-3d\/\" >\n\t\t\t<div class=\"elementor-post__thumbnail\"><img decoding=\"async\" width=\"200\" height=\"300\" src=\"https:\/\/www.digitalanatomics.com\/blog\/wp-content\/uploads\/2021\/11\/26-b-01-A-200x300.jpg\" class=\"attachment-medium size-medium\" alt=\"Training tooth for endo\" \/><\/div>\n\t\t<\/a>\n\t\t\t\t<div class=\"elementor-post__text\">\n\t\t\t\t<h3 class=\"elementor-post__title\">\n\t\t\t<a href=\"https:\/\/www.digitalanatomics.com\/blog\/es\/dientes-impresos-en-3d\/\" >\n\t\t\t\tDientes impresos en 3D, conoce los nuevos metodos de formaci\u00f3n para endodoncistas\t\t\t<\/a>\n\t\t<\/h3>\n\t\t\t\t<div class=\"elementor-post__meta-data\">\n\t\t\t\t\t<span class=\"elementor-post-date\">\n\t\t\t4 de noviembre de 2021\t\t<\/span>\n\t\t\t\t<span class=\"elementor-post-avatar\">\n\t\t\tNo hay comentarios\t\t<\/span>\n\t\t\t\t<\/div>\n\t\t\t\t<div class=\"elementor-post__excerpt\">\n\t\t\t<p>Dientes impresos en 3D, introducci\u00f3n En la actualidad, existe una necesidad latente entre los consumidores por encontrar la perfecci\u00f3n est\u00e9tica, y \u00bfqu\u00e9 es m\u00e1s visual<\/p>\n\t\t<\/div>\n\t\t\t\t\t<a class=\"elementor-post__read-more\" href=\"https:\/\/www.digitalanatomics.com\/blog\/es\/dientes-impresos-en-3d\/\" >\n\t\t\t\tRead More \u00bb\t\t\t<\/a>\n\t\t\t\t<\/div>\n\t\t\t\t<\/article>\n\t\t\t\t<article class=\"elementor-post elementor-grid-item post-31 post type-post status-publish format-standard has-post-thumbnail hentry category-endotraining-es\">\n\t\t\t\t<a class=\"elementor-post__thumbnail__link\" href=\"https:\/\/www.digitalanatomics.com\/blog\/es\/la-impresion-3d-y-el-desarrollo-de-software-revolucionan-el-tratamiento-de-endodoncia\/\" >\n\t\t\t<div class=\"elementor-post__thumbnail\"><img decoding=\"async\" width=\"300\" height=\"300\" src=\"https:\/\/www.digitalanatomics.com\/blog\/wp-content\/uploads\/2021\/11\/foto_fantoma_completo-300x300.jpg\" class=\"attachment-medium size-medium\" alt=\"phantoma photo complete\" \/><\/div>\n\t\t<\/a>\n\t\t\t\t<div class=\"elementor-post__text\">\n\t\t\t\t<h3 class=\"elementor-post__title\">\n\t\t\t<a href=\"https:\/\/www.digitalanatomics.com\/blog\/es\/la-impresion-3d-y-el-desarrollo-de-software-revolucionan-el-tratamiento-de-endodoncia\/\" >\n\t\t\t\tLa impresi\u00f3n 3D y el desarrollo de software revolucionan el tratamiento de endodoncia\t\t\t<\/a>\n\t\t<\/h3>\n\t\t\t\t<div class=\"elementor-post__meta-data\">\n\t\t\t\t\t<span class=\"elementor-post-date\">\n\t\t\t13 de octubre de 2021\t\t<\/span>\n\t\t\t\t<span class=\"elementor-post-avatar\">\n\t\t\tNo hay comentarios\t\t<\/span>\n\t\t\t\t<\/div>\n\t\t\t\t<div class=\"elementor-post__excerpt\">\n\t\t\t<p>La innovaci\u00f3n y la apuesta por el desarrollo de la tecnolog\u00eda m\u00e9dica de \u00faltima generaci\u00f3n es uno de los pilares que sustentan los avances en odontolog\u00eda.<\/p>\n\t\t<\/div>\n\t\t\t\t\t<a class=\"elementor-post__read-more\" href=\"https:\/\/www.digitalanatomics.com\/blog\/es\/la-impresion-3d-y-el-desarrollo-de-software-revolucionan-el-tratamiento-de-endodoncia\/\" >\n\t\t\t\tRead More \u00bb\t\t\t<\/a>\n\t\t\t\t<\/div>\n\t\t\t\t<\/article>\n\t\t\t\t<article class=\"elementor-post elementor-grid-item post-15 post type-post status-publish format-standard has-post-thumbnail hentry category-endotraining-es\">\n\t\t\t\t<a class=\"elementor-post__thumbnail__link\" href=\"https:\/\/www.digitalanatomics.com\/blog\/es\/la-planificacion-de-endodoncia-3d-con-endoplanning\/\" >\n\t\t\t<div class=\"elementor-post__thumbnail\"><img decoding=\"async\" width=\"300\" height=\"197\" src=\"https:\/\/www.digitalanatomics.com\/blog\/wp-content\/uploads\/2021\/10\/PORTADA1-300x197.jpg\" class=\"attachment-medium size-medium\" alt=\"La planificaci\u00f3n de endodoncia tridimensional\" \/><\/div>\n\t\t<\/a>\n\t\t\t\t<div class=\"elementor-post__text\">\n\t\t\t\t<h3 class=\"elementor-post__title\">\n\t\t\t<a href=\"https:\/\/www.digitalanatomics.com\/blog\/es\/la-planificacion-de-endodoncia-3d-con-endoplanning\/\" >\n\t\t\t\tLa planificaci\u00f3n de endodoncia tridimensional con Endoplanning\t\t\t<\/a>\n\t\t<\/h3>\n\t\t\t\t<div class=\"elementor-post__meta-data\">\n\t\t\t\t\t<span class=\"elementor-post-date\">\n\t\t\t13 de octubre de 2021\t\t<\/span>\n\t\t\t\t<span class=\"elementor-post-avatar\">\n\t\t\tNo hay comentarios\t\t<\/span>\n\t\t\t\t<\/div>\n\t\t\t\t<div class=\"elementor-post__excerpt\">\n\t\t\t<p>La herramienta de software EndoplanningTM permitir\u00e1 al endodoncista planificar sus intervenciones de forma r\u00e1pida y autom\u00e1tica, es decir, sin requerir un entrenamiento previo en el manejo del software<\/p>\n\t\t<\/div>\n\t\t\t\t\t<a class=\"elementor-post__read-more\" href=\"https:\/\/www.digitalanatomics.com\/blog\/es\/la-planificacion-de-endodoncia-3d-con-endoplanning\/\" >\n\t\t\t\tRead More \u00bb\t\t\t<\/a>\n\t\t\t\t<\/div>\n\t\t\t\t<\/article>\n\t\t\t\t<\/div>\n\n\n\t\t\n\t\t\t\t<\/div>\n\t\t\t\t<\/div>\n\t\t\t\t<div class=\"elementor-element elementor-element-d303bb6 elementor-widget elementor-widget-jet-blog-posts-pagination\" data-id=\"d303bb6\" data-element_type=\"widget\" data-widget_type=\"jet-blog-posts-pagination.default\">\n\t\t\t\t<div class=\"elementor-widget-container\">\n\t\t\t<div class=\"elementor-jet-blog-posts-pagination jet-blog\"><\/div>\t\t<\/div>\n\t\t\t\t<\/div>\n\t\t\t\t\t<\/div>\n\t\t<\/div>\n\t\t\t\t\t\t\t<\/div>\n\t\t<\/section>\n\t\t\t\t\t\t\t<\/div>\n\t\t","protected":false},"excerpt":{"rendered":"<p>EndoTraining<\/p>\n","protected":false},"author":1,"featured_media":0,"parent":0,"menu_order":0,"comment_status":"closed","ping_status":"closed","template":"","meta":{"footnotes":""},"class_list":["post-514","page","type-page","status-publish","hentry"],"_links":{"self":[{"href":"https:\/\/www.digitalanatomics.com\/blog\/wp-json\/wp\/v2\/pages\/514","targetHints":{"allow":["GET"]}}],"collection":[{"href":"https:\/\/www.digitalanatomics.com\/blog\/wp-json\/wp\/v2\/pages"}],"about":[{"href":"https:\/\/www.digitalanatomics.com\/blog\/wp-json\/wp\/v2\/types\/page"}],"author":[{"embeddable":true,"href":"https:\/\/www.digitalanatomics.com\/blog\/wp-json\/wp\/v2\/users\/1"}],"replies":[{"embeddable":true,"href":"https:\/\/www.digitalanatomics.com\/blog\/wp-json\/wp\/v2\/comments?post=514"}],"version-history":[{"count":0,"href":"https:\/\/www.digitalanatomics.com\/blog\/wp-json\/wp\/v2\/pages\/514\/revisions"}],"wp:attachment":[{"href":"https:\/\/www.digitalanatomics.com\/blog\/wp-json\/wp\/v2\/media?parent=514"}],"curies":[{"name":"wp","href":"https:\/\/api.w.org\/{rel}","templated":true}]}}